{"id":6551,"date":"2024-03-11T20:14:45","date_gmt":"2024-03-11T23:14:45","guid":{"rendered":"https:\/\/fwpropiedades.com.ar\/web2\/?page_id=6551"},"modified":"2025-02-13T17:09:01","modified_gmt":"2025-02-13T20:09:01","slug":"vende-con-nosotros","status":"publish","type":"page","link":"https:\/\/fwpropiedades.com.ar\/web2\/vende-con-nosotros\/","title":{"rendered":"Vend\u00e9 con Nosotros"},"content":{"rendered":"<div class=\"wpb-content-wrapper\"><p>[vc_section full_width=\u00bbstretch_row\u00bb el_class=\u00bbcustom-overflow-unset\u00bb][vc_row equal_height=\u00bbyes\u00bb content_placement=\u00bbmiddle\u00bb][vc_column][vc_single_image image=\u00bb25634&#8243; img_size=\u00bbfull\u00bb alignment=\u00bbcenter\u00bb css=\u00bb\u00bb][\/vc_column][\/vc_row][vc_row full_width=\u00bbstretch_row\u00bb el_class=\u00bbvc-col-no-pt\u00bb][vc_column][g5element_heading layout_style=\u00bbstyle-02&#8243; title=\u00bb\u00bfPor qu\u00e9 gestionar la venta de tu propiedad con FW?\u00bb description=\u00bbEn FW trabajamos para que tu propiedad valga lo que merec\u00e9s. Te contamos paso a<br \/>\npaso nuestra estrategia de venta con cada propiedad que recibimos.\u00bb limit_width=\u00bb1000&#8243; title_typography=\u00bb%7B%22font_family%22%3A%22%22%2C%22font_weight%22%3A%22%22%2C%22font_style%22%3A%22%22%2C%22font_size_lg%22%3A%2241%22%2C%22font_size_md%22%3A%22%22%2C%22font_size_sm%22%3A%22%22%2C%22font_size_xs%22%3A%22%22%2C%22align%22%3A%22%22%2C%22text_transform%22%3A%22%22%2C%22line_height%22%3A%221.1%22%2C%22letter_spacing%22%3A%22%22%2C%22color%22%3A%22secondary%22%2C%22hover_color%22%3A%22%22%7D\u00bb subtitle_typography=\u00bb%7B%22font_family%22%3A%22%22%2C%22font_weight%22%3A%22%22%2C%22font_style%22%3A%22%22%2C%22font_size_lg%22%3A%22%22%2C%22font_size_md%22%3A%22%22%2C%22font_size_sm%22%3A%22%22%2C%22font_size_xs%22%3A%22%22%2C%22align%22%3A%22%22%2C%22text_transform%22%3A%22none%22%2C%22line_height%22%3A%22%22%2C%22letter_spacing%22%3A%22%22%2C%22color%22%3A%22%22%2C%22hover_color%22%3A%22%22%7D\u00bb description_typography=\u00bb%7B%22font_family%22%3A%22%22%2C%22font_weight%22%3A%22%22%2C%22font_style%22%3A%22%22%2C%22font_size_lg%22%3A%2218%22%2C%22font_size_md%22%3A%22%22%2C%22font_size_sm%22%3A%22%22%2C%22font_size_xs%22%3A%22%22%2C%22align%22%3A%22%22%2C%22text_transform%22%3A%22%22%2C%22line_height%22%3A%22%22%2C%22letter_spacing%22%3A%22%22%2C%22color%22%3A%22%22%2C%22hover_color%22%3A%22%22%7D\u00bb][g5element_space spacing=\u00bb67&#8243; spacing_md=\u00bb67&#8243;][\/vc_column][\/vc_row][vc_row gap=\u00bb35&#8243; equal_height=\u00bbyes\u00bb content_placement=\u00bbmiddle\u00bb][vc_column width=\u00bb2\/3&#8243;][g5element_heading title=\u00bbTasamos\u00bb subtitle=\u00bb1&#8243; description=\u00bbCoordinamos una visita a tu propiedad para conocerla, relevar toda la informaci\u00f3n pertinente y solicitamos la documentaci\u00f3n seg\u00fan corresponda. Tenemos en cuenta los detalles que hacen al valor real del inmueble.<br \/>\nRealizamos un an\u00e1lisis comparativo de mercado, comparando con la oferta actual en la zona, y acordamos un valor de publicaci\u00f3n con todos los propietarios. La tasaci\u00f3n es siempre supervisada y controlada por nuestra corredora, titular de la inmobiliaria, Florencia Woelflin.\u00bb tag_html=\u00bb4&#8243; limit_width=\u00bb1000&#8243; title_typography=\u00bb%7B%22font_family%22%3A%22%22%2C%22font_weight%22%3A%22%22%2C%22font_style%22%3A%22%22%2C%22font_size_lg%22%3A%22%22%2C%22font_size_md%22%3A%22%22%2C%22font_size_sm%22%3A%22%22%2C%22font_size_xs%22%3A%22%22%2C%22align%22%3A%22%22%2C%22text_transform%22%3A%22%22%2C%22line_height%22%3A%221.1%22%2C%22letter_spacing%22%3A%22%22%2C%22color%22%3A%22%22%2C%22hover_color%22%3A%22%22%7D\u00bb description_typography=\u00bb%7B%22font_family%22%3A%22%22%2C%22font_weight%22%3A%22%22%2C%22font_style%22%3A%22%22%2C%22font_size_lg%22%3A%2218%22%2C%22font_size_md%22%3A%22%22%2C%22font_size_sm%22%3A%22%22%2C%22font_size_xs%22%3A%22%22%2C%22align%22%3A%22%22%2C%22text_transform%22%3A%22%22%2C%22line_height%22%3A%22%22%2C%22letter_spacing%22%3A%22%22%2C%22color%22%3A%22%22%2C%22hover_color%22%3A%22%22%7D\u00bb][\/vc_column][vc_column width=\u00bb1\/3&#8243;][vc_single_image image=\u00bb25638&#8243; img_size=\u00bbfull\u00bb alignment=\u00bbcenter\u00bb css=\u00bb\u00bb][\/vc_column][\/vc_row][vc_row equal_height=\u00bbyes\u00bb content_placement=\u00bbmiddle\u00bb][vc_column][vc_separator][\/vc_column][\/vc_row][vc_row gap=\u00bb35&#8243; equal_height=\u00bbyes\u00bb content_placement=\u00bbmiddle\u00bb][vc_column width=\u00bb1\/3&#8243;][vc_single_image image=\u00bb25639&#8243; img_size=\u00bbfull\u00bb alignment=\u00bbcenter\u00bb css=\u00bb\u00bb][\/vc_column][vc_column width=\u00bb2\/3&#8243;][g5element_heading title=\u00bbGeneramos material fotogr\u00e1fico y audiovisual\u00bb subtitle=\u00bb2&#8243; description=\u00bb- Tomamos fotos de la propiedad, entendiendo qu\u00e9 tenemos que mostrar y c\u00f3mo hacerlo para resaltar virtudes y minimizar defectos, aprovechando la experiencia de nuestro equipo de marketing para captar la esencia del inmueble de forma estrat\u00e9gica.<br \/>\n&#8211; Realizamos grabaciones para luego editarlas y armar \u201cv\u00eddeo-recorridos\u201d de la vivienda. Din\u00e1micos y cortos para captar la atenci\u00f3n del usuario en redes sociales.<br \/>\n&#8211; Aprovechamos el material recopilado para dise\u00f1ar flyers que resuman las caracter\u00edsticas importantes del inmueble.\u00bb tag_html=\u00bb4&#8243; limit_width=\u00bb1000&#8243; title_typography=\u00bb%7B%22font_family%22%3A%22%22%2C%22font_weight%22%3A%22%22%2C%22font_style%22%3A%22%22%2C%22font_size_lg%22%3A%22%22%2C%22font_size_md%22%3A%22%22%2C%22font_size_sm%22%3A%22%22%2C%22font_size_xs%22%3A%22%22%2C%22align%22%3A%22%22%2C%22text_transform%22%3A%22%22%2C%22line_height%22%3A%221.1%22%2C%22letter_spacing%22%3A%22%22%2C%22color%22%3A%22%22%2C%22hover_color%22%3A%22%22%7D\u00bb description_typography=\u00bb%7B%22font_family%22%3A%22%22%2C%22font_weight%22%3A%22%22%2C%22font_style%22%3A%22%22%2C%22font_size_lg%22%3A%2218%22%2C%22font_size_md%22%3A%22%22%2C%22font_size_sm%22%3A%22%22%2C%22font_size_xs%22%3A%22%22%2C%22align%22%3A%22%22%2C%22text_transform%22%3A%22%22%2C%22line_height%22%3A%22%22%2C%22letter_spacing%22%3A%22%22%2C%22color%22%3A%22%22%2C%22hover_color%22%3A%22%22%7D\u00bb][\/vc_column][\/vc_row][vc_row equal_height=\u00bbyes\u00bb content_placement=\u00bbmiddle\u00bb][vc_column][vc_separator][\/vc_column][\/vc_row][vc_row gap=\u00bb35&#8243; equal_height=\u00bbyes\u00bb content_placement=\u00bbmiddle\u00bb][vc_column width=\u00bb1\/2&#8243;][g5element_heading title=\u00bbColocamos cartel\u00bb subtitle=\u00bb3&#8243; description=\u00bbSi la propiedad es visible desde alg\u00fan espacio p\u00fablico, colgamos un cartel de venta para llamar la atenci\u00f3n de los circulantes en la zona.<br \/>\nPese a la digitalizaci\u00f3n del marketing inmobiliario, esta sigue siendo una de las principales acciones para traccionar consultas.\u00bb tag_html=\u00bb4&#8243; limit_width=\u00bb1000&#8243; title_typography=\u00bb%7B%22font_family%22%3A%22%22%2C%22font_weight%22%3A%22%22%2C%22font_style%22%3A%22%22%2C%22font_size_lg%22%3A%22%22%2C%22font_size_md%22%3A%22%22%2C%22font_size_sm%22%3A%22%22%2C%22font_size_xs%22%3A%22%22%2C%22align%22%3A%22%22%2C%22text_transform%22%3A%22%22%2C%22line_height%22%3A%221.1%22%2C%22letter_spacing%22%3A%22%22%2C%22color%22%3A%22%22%2C%22hover_color%22%3A%22%22%7D\u00bb description_typography=\u00bb%7B%22font_family%22%3A%22%22%2C%22font_weight%22%3A%22%22%2C%22font_style%22%3A%22%22%2C%22font_size_lg%22%3A%2218%22%2C%22font_size_md%22%3A%22%22%2C%22font_size_sm%22%3A%22%22%2C%22font_size_xs%22%3A%22%22%2C%22align%22%3A%22%22%2C%22text_transform%22%3A%22%22%2C%22line_height%22%3A%22%22%2C%22letter_spacing%22%3A%22%22%2C%22color%22%3A%22%22%2C%22hover_color%22%3A%22%22%7D\u00bb][\/vc_column][vc_column width=\u00bb1\/2&#8243;][vc_single_image image=\u00bb25640&#8243; img_size=\u00bbfull\u00bb alignment=\u00bbcenter\u00bb css=\u00bb\u00bb][\/vc_column][\/vc_row][vc_row equal_height=\u00bbyes\u00bb content_placement=\u00bbmiddle\u00bb][vc_column][vc_separator][\/vc_column][\/vc_row][vc_row gap=\u00bb35&#8243; equal_height=\u00bbyes\u00bb content_placement=\u00bbmiddle\u00bb][vc_column][g5element_heading title=\u00bbInversi\u00f3n en publicidad\u00bb subtitle=\u00bb4&#8243; description=\u00bbRealizamos distintas estrategias de marketing para asegurarnos que la propiedad llegue a su futuro comprador. Contamos con presencia e inveris\u00f3n publicitaria en los portales inmobiliarios m\u00e1s importantes del mercado como ser Zonaprop, Argenprop, Bienes Rosario, Icasas, LiderProp, Goplaceit, Doomos, CasasYLotes, LCNI, RosarioInmuebles, Propia y Properati.\u00bb tag_html=\u00bb4&#8243; limit_width=\u00bb1000&#8243; title_typography=\u00bb%7B%22font_family%22%3A%22%22%2C%22font_weight%22%3A%22%22%2C%22font_style%22%3A%22%22%2C%22font_size_lg%22%3A%22%22%2C%22font_size_md%22%3A%22%22%2C%22font_size_sm%22%3A%22%22%2C%22font_size_xs%22%3A%22%22%2C%22align%22%3A%22%22%2C%22text_transform%22%3A%22%22%2C%22line_height%22%3A%221.1%22%2C%22letter_spacing%22%3A%22%22%2C%22color%22%3A%22%22%2C%22hover_color%22%3A%22%22%7D\u00bb description_typography=\u00bb%7B%22font_family%22%3A%22%22%2C%22font_weight%22%3A%22%22%2C%22font_style%22%3A%22%22%2C%22font_size_lg%22%3A%2218%22%2C%22font_size_md%22%3A%22%22%2C%22font_size_sm%22%3A%22%22%2C%22font_size_xs%22%3A%22%22%2C%22align%22%3A%22%22%2C%22text_transform%22%3A%22%22%2C%22line_height%22%3A%22%22%2C%22letter_spacing%22%3A%22%22%2C%22color%22%3A%22%22%2C%22hover_color%22%3A%22%22%7D\u00bb][vc_single_image image=\u00bb25671&#8243; img_size=\u00bbfull\u00bb alignment=\u00bbcenter\u00bb css=\u00bb\u00bb][vc_column_text css=\u00bb\u00bb]Tenemos una p\u00e1gina web propia (fwpropiedades.com.ar) con buscador optimizadopara facilitar la experiencia de b\u00fasqueda del potencial comprador. A su vezperfeccionamos constantemente nuestra estrategia SEO, para aparecer en losprincipales buscadores web (Google, Yahoo!, etc.).Adem\u00e1s, somos auspiciantes en distintos eventos de la ciudad, contratamos carteler\u00eday pautamos con algunos de los principales diarios y revistas de la ciudad. Nuestras redes sociales son activas con publicaciones peri\u00f3dicas en feed, historias y reels. Nuestro Instagram oficial es @fw.propiedades donde tenemos un amplio flujo deconsultas y a su vez, cada agentes replica el material publicado en sus cuentaspersonales. Aqu\u00ed tambi\u00e9n invertimos en publicidad, asesorados por especialistas en Facebook y Google Adds.[\/vc_column_text][vc_single_image image=\u00bb25672&#8243; img_size=\u00bbfull\u00bb alignment=\u00bbcenter\u00bb css=\u00bb\u00bb][\/vc_column][\/vc_row][vc_row equal_height=\u00bbyes\u00bb content_placement=\u00bbmiddle\u00bb][vc_column][vc_separator][\/vc_column][\/vc_row][vc_row gap=\u00bb35&#8243; equal_height=\u00bbyes\u00bb content_placement=\u00bbmiddle\u00bb][vc_column][g5element_heading title=\u00bbTrabajamos con colegas y hacemos red\u00bb subtitle=\u00bb5&#8243; description=\u00bbFW Propiedades, est\u00e1 presente no solo en la web, sino tambi\u00e9n en distintasplataformas y CRMs de gesti\u00f3n (Propia, Tokko Broker), por lo que el 100% delas inmobiliarias tienen acceso a nuestras propiedades, y pueden contactarnosen caso de tener un potencial comprador interesado. Tambi\u00e9n generamosrondas de negocios con colegas que comparten nuestros valores paracompartir oportunidades y agilizar la venta de nuestras propiedades.\u00bb tag_html=\u00bb4&#8243; limit_width=\u00bb1000&#8243; title_typography=\u00bb%7B%22font_family%22%3A%22%22%2C%22font_weight%22%3A%22%22%2C%22font_style%22%3A%22%22%2C%22font_size_lg%22%3A%22%22%2C%22font_size_md%22%3A%22%22%2C%22font_size_sm%22%3A%22%22%2C%22font_size_xs%22%3A%22%22%2C%22align%22%3A%22%22%2C%22text_transform%22%3A%22%22%2C%22line_height%22%3A%221.1%22%2C%22letter_spacing%22%3A%22%22%2C%22color%22%3A%22%22%2C%22hover_color%22%3A%22%22%7D\u00bb description_typography=\u00bb%7B%22font_family%22%3A%22%22%2C%22font_weight%22%3A%22%22%2C%22font_style%22%3A%22%22%2C%22font_size_lg%22%3A%2218%22%2C%22font_size_md%22%3A%22%22%2C%22font_size_sm%22%3A%22%22%2C%22font_size_xs%22%3A%22%22%2C%22align%22%3A%22%22%2C%22text_transform%22%3A%22%22%2C%22line_height%22%3A%22%22%2C%22letter_spacing%22%3A%22%22%2C%22color%22%3A%22%22%2C%22hover_color%22%3A%22%22%7D\u00bb][\/vc_column][\/vc_row][vc_row equal_height=\u00bbyes\u00bb content_placement=\u00bbmiddle\u00bb][vc_column][vc_separator][\/vc_column][\/vc_row][vc_row gap=\u00bb35&#8243; equal_height=\u00bbyes\u00bb content_placement=\u00bbmiddle\u00bb][vc_column width=\u00bb1\/3&#8243;][vc_single_image image=\u00bb25674&#8243; img_size=\u00bbfull\u00bb alignment=\u00bbcenter\u00bb css=\u00bb\u00bb][\/vc_column][vc_column width=\u00bb2\/3&#8243;][g5element_heading title=\u00bbCartera de clientes y base de datos\u00bb subtitle=\u00bb6&#8243; description=\u00bbContamos con una vasta cartera de clientes,generada a lo largo de los a\u00f1os y en la cualtrabajamos todos los d\u00edas para hacerlacrecer. Realizamos estrategias deremarketing a trav\u00e9s de mailing o difusionesde WhatsApp, para estar presentes directae indirectamente para nuestros clientes.\u00bb tag_html=\u00bb4&#8243; limit_width=\u00bb1000&#8243; title_typography=\u00bb%7B%22font_family%22%3A%22%22%2C%22font_weight%22%3A%22%22%2C%22font_style%22%3A%22%22%2C%22font_size_lg%22%3A%22%22%2C%22font_size_md%22%3A%22%22%2C%22font_size_sm%22%3A%22%22%2C%22font_size_xs%22%3A%22%22%2C%22align%22%3A%22%22%2C%22text_transform%22%3A%22%22%2C%22line_height%22%3A%221.1%22%2C%22letter_spacing%22%3A%22%22%2C%22color%22%3A%22%22%2C%22hover_color%22%3A%22%22%7D\u00bb description_typography=\u00bb%7B%22font_family%22%3A%22%22%2C%22font_weight%22%3A%22%22%2C%22font_style%22%3A%22%22%2C%22font_size_lg%22%3A%2218%22%2C%22font_size_md%22%3A%22%22%2C%22font_size_sm%22%3A%22%22%2C%22font_size_xs%22%3A%22%22%2C%22align%22%3A%22%22%2C%22text_transform%22%3A%22%22%2C%22line_height%22%3A%22%22%2C%22letter_spacing%22%3A%22%22%2C%22color%22%3A%22%22%2C%22hover_color%22%3A%22%22%7D\u00bb][\/vc_column][\/vc_row][vc_row gap=\u00bb35&#8243; equal_height=\u00bbyes\u00bb content_placement=\u00bbmiddle\u00bb][vc_column][g5element_heading title=\u00bbAtenci\u00f3n 24\/7&#8243; subtitle=\u00bb7&#8243; description=\u00bbRespondemos consultas todo el d\u00eda, no solo en horarios de oficina. Nos esforzamospor contestar de inmediato para asegurar una buena atenci\u00f3n al cliente comprador.Adem\u00e1s, tu primer contacto siempre ser\u00e1 con Florencia.\u00bb tag_html=\u00bb4&#8243; limit_width=\u00bb1000&#8243; title_typography=\u00bb%7B%22font_family%22%3A%22%22%2C%22font_weight%22%3A%22%22%2C%22font_style%22%3A%22%22%2C%22font_size_lg%22%3A%22%22%2C%22font_size_md%22%3A%22%22%2C%22font_size_sm%22%3A%22%22%2C%22font_size_xs%22%3A%22%22%2C%22align%22%3A%22%22%2C%22text_transform%22%3A%22%22%2C%22line_height%22%3A%221.1%22%2C%22letter_spacing%22%3A%22%22%2C%22color%22%3A%22%22%2C%22hover_color%22%3A%22%22%7D\u00bb description_typography=\u00bb%7B%22font_family%22%3A%22%22%2C%22font_weight%22%3A%22%22%2C%22font_style%22%3A%22%22%2C%22font_size_lg%22%3A%2218%22%2C%22font_size_md%22%3A%22%22%2C%22font_size_sm%22%3A%22%22%2C%22font_size_xs%22%3A%22%22%2C%22align%22%3A%22%22%2C%22text_transform%22%3A%22%22%2C%22line_height%22%3A%22%22%2C%22letter_spacing%22%3A%22%22%2C%22color%22%3A%22%22%2C%22hover_color%22%3A%22%22%7D\u00bb][\/vc_column][\/vc_row][vc_row equal_height=\u00bbyes\u00bb content_placement=\u00bbmiddle\u00bb][vc_column][vc_separator][\/vc_column][\/vc_row][vc_row gap=\u00bb35&#8243; equal_height=\u00bbyes\u00bb content_placement=\u00bbmiddle\u00bb][vc_column][g5element_heading title=\u00bbNos capacitamos constantemente\u00bb subtitle=\u00bb8&#8243; description=\u00bbNo nos conformamos con lo que hacemos. Estamos en constante b\u00fasqueda denuevas formas de mejorar. Nos capacitamos y estudiamos con distintos profesionalesdel rubro para ofrecer siempre el mejor servicio.\u00bb tag_html=\u00bb4&#8243; limit_width=\u00bb1000&#8243; title_typography=\u00bb%7B%22font_family%22%3A%22%22%2C%22font_weight%22%3A%22%22%2C%22font_style%22%3A%22%22%2C%22font_size_lg%22%3A%22%22%2C%22font_size_md%22%3A%22%22%2C%22font_size_sm%22%3A%22%22%2C%22font_size_xs%22%3A%22%22%2C%22align%22%3A%22%22%2C%22text_transform%22%3A%22%22%2C%22line_height%22%3A%221.1%22%2C%22letter_spacing%22%3A%22%22%2C%22color%22%3A%22%22%2C%22hover_color%22%3A%22%22%7D\u00bb description_typography=\u00bb%7B%22font_family%22%3A%22%22%2C%22font_weight%22%3A%22%22%2C%22font_style%22%3A%22%22%2C%22font_size_lg%22%3A%2218%22%2C%22font_size_md%22%3A%22%22%2C%22font_size_sm%22%3A%22%22%2C%22font_size_xs%22%3A%22%22%2C%22align%22%3A%22%22%2C%22text_transform%22%3A%22%22%2C%22line_height%22%3A%22%22%2C%22letter_spacing%22%3A%22%22%2C%22color%22%3A%22%22%2C%22hover_color%22%3A%22%22%7D\u00bb][\/vc_column][\/vc_row][vc_row equal_height=\u00bbyes\u00bb content_placement=\u00bbmiddle\u00bb][vc_column][vc_separator][\/vc_column][\/vc_row][vc_row gap=\u00bb35&#8243; equal_height=\u00bbyes\u00bb content_placement=\u00bbmiddle\u00bb][vc_column][g5element_heading title=\u00bbNegociaci\u00f3n: protegemos el valor de tu inmueble\u00bb subtitle=\u00bb9&#8243; description=\u00bbPriorizamos al cliente sobre la operaci\u00f3n, siempre actuando con sinceridad. Nos enfocamos en ser \u00e1giles y claros en nuestra comunicaci\u00f3n, brindando seguridady tranquilidad durante el proceso de cierre de venta, que suele ser estresante para laspartes involucradas.\u00bb tag_html=\u00bb4&#8243; limit_width=\u00bb1000&#8243; title_typography=\u00bb%7B%22font_family%22%3A%22%22%2C%22font_weight%22%3A%22%22%2C%22font_style%22%3A%22%22%2C%22font_size_lg%22%3A%22%22%2C%22font_size_md%22%3A%22%22%2C%22font_size_sm%22%3A%22%22%2C%22font_size_xs%22%3A%22%22%2C%22align%22%3A%22%22%2C%22text_transform%22%3A%22%22%2C%22line_height%22%3A%221.1%22%2C%22letter_spacing%22%3A%22%22%2C%22color%22%3A%22%22%2C%22hover_color%22%3A%22%22%7D\u00bb description_typography=\u00bb%7B%22font_family%22%3A%22%22%2C%22font_weight%22%3A%22%22%2C%22font_style%22%3A%22%22%2C%22font_size_lg%22%3A%2218%22%2C%22font_size_md%22%3A%22%22%2C%22font_size_sm%22%3A%22%22%2C%22font_size_xs%22%3A%22%22%2C%22align%22%3A%22%22%2C%22text_transform%22%3A%22%22%2C%22line_height%22%3A%22%22%2C%22letter_spacing%22%3A%22%22%2C%22color%22%3A%22%22%2C%22hover_color%22%3A%22%22%7D\u00bb][\/vc_column][\/vc_row][vc_row equal_height=\u00bbyes\u00bb content_placement=\u00bbmiddle\u00bb][vc_column][vc_separator][\/vc_column][\/vc_row][vc_row gap=\u00bb35&#8243; equal_height=\u00bbyes\u00bb content_placement=\u00bbmiddle\u00bb][vc_column width=\u00bb2\/3&#8243;][g5element_heading title=\u00bbL\u00edder confiable\u00bb subtitle=\u00bb10&#8243; description=\u00bbMar\u00eda Florencia Woelflin es la CorredoraInmobiliaria matriculada n\u00famero 1913, gerentegeneral y titular de la empresa. Est\u00e1 presentedesde el primer contacto con el cliente,acompa\u00f1ando a los agentes en todo el proceso de compra o venta, supervisando tasas yencarg\u00e1ndose de la negociaci\u00f3n final. Con m\u00e1s de 10 a\u00f1os de experiencia en el desarrolloinmobiliario, particip\u00f3 en importantes proyectos de alta gama en la ciudad y ocup\u00f3 cargos enempresas de turismo y finanzas. Es una profesionalcomprometida que transmite sus valores al equipoy se destaca, sobre todo, por su calidad humana.\u00bb tag_html=\u00bb4&#8243; limit_width=\u00bb1000&#8243; title_typography=\u00bb%7B%22font_family%22%3A%22%22%2C%22font_weight%22%3A%22%22%2C%22font_style%22%3A%22%22%2C%22font_size_lg%22%3A%22%22%2C%22font_size_md%22%3A%22%22%2C%22font_size_sm%22%3A%22%22%2C%22font_size_xs%22%3A%22%22%2C%22align%22%3A%22%22%2C%22text_transform%22%3A%22%22%2C%22line_height%22%3A%221.1%22%2C%22letter_spacing%22%3A%22%22%2C%22color%22%3A%22%22%2C%22hover_color%22%3A%22%22%7D\u00bb description_typography=\u00bb%7B%22font_family%22%3A%22%22%2C%22font_weight%22%3A%22%22%2C%22font_style%22%3A%22%22%2C%22font_size_lg%22%3A%2218%22%2C%22font_size_md%22%3A%22%22%2C%22font_size_sm%22%3A%22%22%2C%22font_size_xs%22%3A%22%22%2C%22align%22%3A%22%22%2C%22text_transform%22%3A%22%22%2C%22line_height%22%3A%22%22%2C%22letter_spacing%22%3A%22%22%2C%22color%22%3A%22%22%2C%22hover_color%22%3A%22%22%7D\u00bb][\/vc_column][vc_column width=\u00bb1\/3&#8243;][vc_single_image image=\u00bb25675&#8243; img_size=\u00bbfull\u00bb alignment=\u00bbcenter\u00bb css=\u00bb\u00bb][\/vc_column][\/vc_row][\/vc_section]<\/p>\n<\/div>","protected":false},"excerpt":{"rendered":"<p>[vc_section full_width=\u00bbstretch_row\u00bb el_class=\u00bbcustom-overflow-unset\u00bb][vc_row equal_height=\u00bbyes\u00bb content_placement=\u00bbmiddle\u00bb][vc_column][vc_single_image image=\u00bb25634&#8243; img_size=\u00bbfull\u00bb alignment=\u00bbcenter\u00bb css=\u00bb\u00bb][\/vc_column][\/vc_row][vc_row full_width=\u00bbstretch_row\u00bb el_class=\u00bbvc-col-no-pt\u00bb][vc_column][g5element_heading layout_style=\u00bbstyle-02&#8243; title=\u00bb\u00bfPor qu\u00e9 gestionar la venta de tu propiedad con FW?\u00bb description=\u00bbEn FW trabajamos para que tu propiedad valga lo que merec\u00e9s. Te contamos paso a paso nuestra estrategia de venta con cada propiedad que recibimos.\u00bb limit_width=\u00bb1000&#8243; title_typography=\u00bb%7B%22font_family%22%3A%22%22%2C%22font_weight%22%3A%22%22%2C%22font_style%22%3A%22%22%2C%22font_size_lg%22%3A%2241%22%2C%22font_size_md%22%3A%22%22%2C%22font_size_sm%22%3A%22%22%2C%22font_size_xs%22%3A%22%22%2C%22align%22%3A%22%22%2C%22text_transform%22%3A%22%22%2C%22line_height%22%3A%221.1%22%2C%22letter_spacing%22%3A%22%22%2C%22color%22%3A%22secondary%22%2C%22hover_color%22%3A%22%22%7D\u00bb subtitle_typography=\u00bb%7B%22font_family%22%3A%22%22%2C%22font_weight%22%3A%22%22%2C%22font_style%22%3A%22%22%2C%22font_size_lg%22%3A%22%22%2C%22font_size_md%22%3A%22%22%2C%22font_size_sm%22%3A%22%22%2C%22font_size_xs%22%3A%22%22%2C%22align%22%3A%22%22%2C%22text_transform%22%3A%22none%22%2C%22line_height%22%3A%22%22%2C%22letter_spacing%22%3A%22%22%2C%22color%22%3A%22%22%2C%22hover_color%22%3A%22%22%7D\u00bb description_typography=\u00bb%7B%22font_family%22%3A%22%22%2C%22font_weight%22%3A%22%22%2C%22font_style%22%3A%22%22%2C%22font_size_lg%22%3A%2218%22%2C%22font_size_md%22%3A%22%22%2C%22font_size_sm%22%3A%22%22%2C%22font_size_xs%22%3A%22%22%2C%22align%22%3A%22%22%2C%22text_transform%22%3A%22%22%2C%22line_height%22%3A%22%22%2C%22letter_spacing%22%3A%22%22%2C%22color%22%3A%22%22%2C%22hover_color%22%3A%22%22%7D\u00bb][g5element_space spacing=\u00bb67&#8243; spacing_md=\u00bb67&#8243;][\/vc_column][\/vc_row][vc_row gap=\u00bb35&#8243; equal_height=\u00bbyes\u00bb [&hellip;]<\/p>\n","protected":false},"author":2,"featured_media":0,"parent":0,"menu_order":0,"comment_status":"closed","ping_status":"closed","template":"","meta":{"om_disable_all_campaigns":false,"_monsterinsights_skip_tracking":false,"_monsterinsights_sitenote_active":false,"_monsterinsights_sitenote_note":"","_monsterinsights_sitenote_category":0,"footnotes":""},"class_list":["post-6551","page","type-page","status-publish","hentry"],"aioseo_notices":[],"_links":{"self":[{"href":"https:\/\/fwpropiedades.com.ar\/web2\/wp-json\/wp\/v2\/pages\/6551"}],"collection":[{"href":"https:\/\/fwpropiedades.com.ar\/web2\/wp-json\/wp\/v2\/pages"}],"about":[{"href":"https:\/\/fwpropiedades.com.ar\/web2\/wp-json\/wp\/v2\/types\/page"}],"author":[{"embeddable":true,"href":"https:\/\/fwpropiedades.com.ar\/web2\/wp-json\/wp\/v2\/users\/2"}],"replies":[{"embeddable":true,"href":"https:\/\/fwpropiedades.com.ar\/web2\/wp-json\/wp\/v2\/comments?post=6551"}],"version-history":[{"count":6,"href":"https:\/\/fwpropiedades.com.ar\/web2\/wp-json\/wp\/v2\/pages\/6551\/revisions"}],"predecessor-version":[{"id":25677,"href":"https:\/\/fwpropiedades.com.ar\/web2\/wp-json\/wp\/v2\/pages\/6551\/revisions\/25677"}],"wp:attachment":[{"href":"https:\/\/fwpropiedades.com.ar\/web2\/wp-json\/wp\/v2\/media?parent=6551"}],"curies":[{"name":"wp","href":"https:\/\/api.w.org\/{rel}","templated":true}]}}